{"id":647,"date":"2018-10-09T09:14:55","date_gmt":"2018-10-09T07:14:55","guid":{"rendered":"https:\/\/laaser-marmorwelt.it\/casa\/"},"modified":"2023-04-26T17:18:38","modified_gmt":"2023-04-26T15:18:38","slug":"casa","status":"publish","type":"page","link":"https:\/\/laaser-marmorwelt.it\/it\/","title":{"rendered":"Casa"},"content":{"rendered":"\n\n\t\t\t\t<a href=\"https:\/\/www.interreg.net\/it\/default.asp\" target=\"_self\" itemprop=\"url\" rel=\"noopener\">\n\t\t\t\t<img loading=\"lazy\" decoding=\"async\" src=\"https:\/\/laaser-marmorwelt.it\/wp-content\/uploads\/2022\/07\/Interreg_Italia-O\u0748sterreich-2017_4c-300x94.jpg\" alt=\"Interreg_Italia-O\u0748sterreich-2017_4c\" itemprop=\"image\" height=\"94\" width=\"300\" title=\"Interreg_Italia-O\u0748sterreich-2017_4c\" onerror=\"this.style.display='none'\"  \/>\n\t\t\t\t<\/a>\n\t<h3>\n\t\t\t\tsperimentare &#8211; meravigliare &#8211; sentire &#8230;\n\t\t\t<\/h3>\n\t<h1>IL MONDO DEL MARMO DI LASA<\/h1>\n\t<p>Scoprite da vicino la storia unica del marmo di Lasa &#8230;<\/p>\n\t<h2>\n\t\t\t\tUn&#8217;esperienza per tutta la famiglia\n\t\t\t<\/h2>\n\t<h3>\n\t\t\t\tStoria\n\t\t\t<\/h3>\n\t\t\t<p>Numerosi pannelli espositivi raccontano l&#8217;emozionante storia della gente e del marmo di Lasa.<\/p>\t\n\t<h3>\n\t\t\t\tMarmo da lavoro\n\t\t\t<\/h3>\n\t\t\t<p>Solo chi lo prova in prima persona sa cosa si prova a lavorare un blocco di marmo.<\/p>\t\n\t<h3>\n\t\t\t\tRilassatevi e divertitevi\n\t\t\t<\/h3>\n\t\t\t<p>Godetevi il mondo di marmo di Lasa come un&#8217;oasi di pace, relax e svago<\/p>\t\n\t<h3>\n\t\t\t\tParco delle sculture\n\t\t\t<\/h3>\n\t\t\t<p>Nel Mondo del Marmo di Lasa si possono ammirare numerose sculture realizzate con il marmo di Lasa, famoso in tutto il mondo.<\/p>\n<p>Numerosi artisti hanno prodotto negli ultimi anni molte opere d&#8217;arte, ognuna unica e irripetibile.<\/p>\n<p><br \/><strong>Suggerimento:<\/strong> molte opere d&#8217;arte sono diventate motivi fotografici molto popolari.<\/p>\n<h3>\n\t\tCiao. Sono un titolo di sezione H3.\n\t<\/h3>\n\t<h3>\n\t\t\t\tStoria dell&#8217;esperienza\n\t\t\t<\/h3>\n\t\t\t<p>Esplorate l&#8217;emozionante storia del marmo della Val Venosta con l&#8217;aiuto di pannelli e repliche.<\/p><ul><li>Dalle difficili e pericolose attivit\u00e0 minerarie del passato<\/li><li>Il trasporto manuale del marmo con buoi e cavalli<\/li><li>La lavorazione del marmo con i mezzi pi\u00f9 semplici in meravigliose opere d&#8217;arte<\/li><li>L&#8217;estrazione meccanica oggi<\/li><li>Trasporto tramite l&#8217;esclusivo binario inclinato<\/li><li>Lavorazione con le macchine pi\u00f9 moderne<\/li><\/ul>\t\n<h3>\n\t\tCiao. Sono un titolo di sezione H3.\n\t<\/h3>\n\t<h3>\n\t\t\t\tRilassatevi e divertitevi\n\t\t\t<\/h3>\n\t\t\t<p>Il Mondo di Marmo di Lasa \u00e8 un&#8217;oasi di pace e relax. Cogliete l&#8217;occasione per una pausa rilassante sul nostro tavolo di marmo o sulle numerose opzioni di seduta sotto gli alberi.Qui troverete una sabbiera di marmo per i pi\u00f9 piccoli e molte attrazioni per tutta la famiglia.Nel mondo del marmo troverete anche una toilette e acqua potabile.<\/p>\t\n<h3>\n\t\tCiao. Sono un titolo di sezione H3.\n\t<\/h3>\n\t<h2>\n\t\t\t\tPROVATE VOI STESSI\n\t\t\t<\/h2>\n<h2>\n\t\tTour dell&#8217;esperienza del marmo\n\t<\/h2>\n\t<p>Scoprite l&#8217;emozionante storia del marmo di Lasa con uno dei nostri popolari tour del marmo.<\/p>\n\t<h3>\n\t\t\t\tTour dell&#8217;esperienza del marmo\n\t\t\t<\/h3>\n\t\t\t<p>Presentazione del filmato, visita al &#8220;Mondo del Marmo di Lasa&#8221; con la storica gru a portale e le preziose sculture, visita alla fabbrica di marmo &#8220;Lasa Marmo&#8221;. Una visita al tradizionale maestro scalpellino Mayr Josef significa guardare alle spalle dei professionisti. Visita del villaggio del marmo con molte informazioni interessanti da parte dei nostri esperti del marmo, che termina nella piazza del villaggio. <\/p>\n<p><br \/><strong>Appuntamento<\/strong>: Marted\u00ec e gioved\u00ec alle 10.30. <\/p>\n<p><strong>Punto di incontro<\/strong>: stazione ferroviaria di Lasa<\/p>\n<p><strong>Durata<\/strong>: circa 2,5 ore<\/p>\n\t\t\t<a href=\"http:\/\/marmorplus.it\/marmor-erlebnisfuehrung\/\" target=\"_self\" role=\"button\" rel=\"noopener\">\n\t\t\t\t\t\t\tPer saperne di pi\u00f9\n\t\t\t\t\t<\/a>\n<h3>\n\t\tCiao. Sono un titolo di sezione H3.\n\t<\/h3>\n\t<h3>\n\t\t\t\tTour relax del marmo\n\t\t\t<\/h3>\n\t\t\t<p>Presentazione del filmato di grande impatto, poi si prende il bus navetta per raggiungere la sala macchine della storica ferrovia inclinata. Visita alla sala macchine della ferrovia inclinata di Lasa, unica nel suo genere. Salita, nel profondo delle montagne, sui 365 gradini del Br\u00fcchlerstollen fino a raggiungere la cava acquabianca, il luogo di estrazione dell'&#8221;oro bianco&#8221;. Il ritorno avviene attraverso le &#8220;Br\u00fcchlerstollen&#8221; e poi con un bus navetta fino al villaggio di marmo di Laas.<\/p>\n<p><br \/><strong>Data:<\/strong> Ogni venerd\u00ec alle 14.00 (da maggio a fine ottobre)<\/p>\n<p><strong>Punto di incontro<\/strong>: stazione ferroviaria di Laas<\/p>\n<p><strong>Durata<\/strong>: circa 4 ore, tempo di cammino puro circa 50 min.<\/p>\n\t\t\t<a href=\"http:\/\/marmorplus.it\/marmor-relaxtour\/\" target=\"_self\" role=\"button\" rel=\"noopener\">\n\t\t\t\t\t\t\tPer saperne di pi\u00f9\n\t\t\t\t\t<\/a>\n<h3>\n\t\tCiao. Sono un titolo di sezione H3.\n\t<\/h3>\n\t<h3>\n\t\t\t\tTour dell&#8217;esperienza del marmo\n\t\t\t<\/h3>\n\t\t\t<p>Presentazione di un filmato impressionante, visita all&#8217;esclusivo &#8220;Mondo del Marmo di Lasa&#8221;, visita alla fabbrica di Lasa Marmo. Escursione alla sala macchine della storica ferrovia inclinata (circa 500 m). Salita, nel profondo delle montagne, sui 365 gradini del Br\u00fcchlerstollen fino a raggiungere la cava acquabianca, il luogo di estrazione dell'&#8221;oro bianco&#8221;. Dopo la pausa pranzo, le navette vi riporteranno al villaggio di marmo di Lasa. Vivete un tour unico che include. Degustazione di raffinate prelibatezze locali.<br \/><strong>Data<\/strong>: Mercoled\u00ec alle ore 9.00 da maggio a fine ottobre<strong>Punto di incontro<\/strong>: stazione ferroviaria di Laas<strong>Durata<\/strong>: circa 7 ore, tempo di cammino puro circa 3,5 &#8211; 4 ore<\/p>\t\n\t\t\t<a href=\"http:\/\/marmorplus.it\/marmor-erlebnistour\/\" target=\"_self\" role=\"button\" rel=\"noopener\">\n\t\t\t\t\t\t\tPer saperne di pi\u00f9\n\t\t\t\t\t<\/a>\n<h3>\n\t\tCiao. Sono un titolo di sezione H3.\n\t<\/h3>\n\t<h2>\n\t\t\t\tIL VILLAGGIO DI MARMO DI LASA\n\t\t\t<\/h2>\n\tTrascorrete una giornata emozionante nel villaggio di marmo di Lasa.<br \/>\nLasciatevi incantare dall&#8217;onnipresente marmo di Laas, presente ovunque nel villaggio.\n<p>La chiesa romanica in marmo, unica nel suo genere, i camminamenti in marmo, le sculture, le attivit\u00e0 degli artisti e molto altro ancora &#8230;<\/p>\n<p>Soggiornate e gustate le prelibatezze locali nelle nostre locande.<\/p>\n\t\t\t\t<a href=\"https:\/\/www.interreg.net\/de\/default.asp\" target=\"_self\" itemprop=\"url\" rel=\"noopener\">\n\t\t\t\t<img loading=\"lazy\" decoding=\"async\" src=\"https:\/\/laaser-marmorwelt.it\/wp-content\/uploads\/2022\/07\/Interreg_Italia-O\u0748sterreich-2017_4c.jpg\" alt=\"Interreg_Italia-O\u0748sterreich-2017_4c\" itemprop=\"image\" height=\"125\" width=\"400\" title=\"Interreg_Italia-O\u0748sterreich-2017_4c\" onerror=\"this.style.display='none'\"  \/>\n\t\t\t\t<\/a>\n\t\u00a0&#8211; Gef\u00f6rdert durch\u00a0den Europ\u00e4ischen Fonds f\u00fcr regionale Entwicklung und Interreg V-A Italien-\u00d6sterreich 2014-2020<br \/>\n&#8211; Sostenuto dal Fondo europeo di sviluppo regionale e da Interreg V-A Italia-Austria 2014-2020.<br \/>\n&#8211; Supported by the European Regional Development Fund and Interreg V-A Italy-Austria 2014-2020<br \/>\n<a href=\"https:\/\/laaser-marmorwelt.it\/bergbauerlebnisse-in-der-terra-raetica\/\">\u00a0&gt;&gt; Description<\/a>\n<h4>\n\t\tUnsere Partner\n\t<\/h4>\n\t\t\t\t<a href=\"https:\/\/www.gemeinde.laas.bz.it\/\" target=\"_blank\" rel=\"noopener\" itemprop=\"url\">\n\t\t\t\t<img loading=\"lazy\" decoding=\"async\" src=\"https:\/\/laaser-marmorwelt.it\/wp-content\/uploads\/2022\/08\/wappen.laas_-1.jpg\" alt=\"wappen.laas\" itemprop=\"image\" height=\"100\" width=\"83\" title=\"wappen.laas\" onerror=\"this.style.display='none'\"  \/>\n\t\t\t\t<\/a>\n\t\t\t\t<a href=\"https:\/\/www.st-anton.at\/\" target=\"_blank\" rel=\"noopener\" itemprop=\"url\">\n\t\t\t\t<img loading=\"lazy\" decoding=\"async\" src=\"https:\/\/laaser-marmorwelt.it\/wp-content\/uploads\/2022\/08\/Wappen-StAntonAmArlberg.jpg\" alt=\"Wappen-StAntonAmArlberg\" itemprop=\"image\" height=\"100\" width=\"85\" title=\"Wappen-StAntonAmArlberg\" onerror=\"this.style.display='none'\"  \/>\n\t\t\t\t<\/a>\n\t\t\t\t<a href=\"https:\/\/www.tarrenz.at\/\" target=\"_blank\" rel=\"noopener\" itemprop=\"url\">\n\t\t\t\t<img loading=\"lazy\" decoding=\"async\" src=\"https:\/\/laaser-marmorwelt.it\/wp-content\/uploads\/2022\/08\/AUT_Tarrenz_COA.jpg\" alt=\"AUT_Tarrenz_COA\" itemprop=\"image\" height=\"100\" width=\"88\" title=\"AUT_Tarrenz_COA\" onerror=\"this.style.display='none'\"  \/>\n\t\t\t\t<\/a>\n\t\t\t\t<a href=\"https:\/\/www.terraraetica.eu\/de\/terra-raetica\/willkommen.html\" target=\"_self\" itemprop=\"url\" rel=\"noopener\">\n\t\t\t\t<img loading=\"lazy\" decoding=\"async\" src=\"https:\/\/laaser-marmorwelt.it\/wp-content\/uploads\/2022\/08\/Hauptlogo_Varianten_2020_02.jpg\" alt=\"Hauptlogo_Varianten_2020_02\" itemprop=\"image\" height=\"100\" width=\"250\" title=\"Hauptlogo_Varianten_2020_02\" onerror=\"this.style.display='none'\"  \/>\n\t\t\t\t<\/a>\n\t\t\t\t<a href=\"https:\/\/www.europaregion.info\/\" target=\"_blank\" rel=\"noopener\" itemprop=\"url\">\n\t\t\t\t<img loading=\"lazy\" decoding=\"async\" src=\"https:\/\/laaser-marmorwelt.it\/wp-content\/uploads\/2022\/08\/logo_euregio.jpg\" alt=\"logo_euregio\" itemprop=\"image\" height=\"100\" width=\"264\" title=\"logo_euregio\" onerror=\"this.style.display='none'\"  \/>\n\t\t\t\t<\/a>\n\t\t\t\t<a href=\"https:\/\/www.lasamarmo.it\/\" target=\"_blank\" rel=\"noopener\" itemprop=\"url\">\n\t\t\t\t<img loading=\"lazy\" decoding=\"async\" src=\"https:\/\/laaser-marmorwelt.it\/wp-content\/uploads\/2022\/08\/LasaMarmo_Logo-1.jpg\" alt=\"LasaMarmo_Logo-1\" itemprop=\"image\" height=\"100\" width=\"333\" title=\"LasaMarmo_Logo-1\" onerror=\"this.style.display='none'\"  \/>\n\t\t\t\t<\/a>\n\t\t\t\t<a href=\"https:\/\/marmorplus.it\/\" target=\"_self\" itemprop=\"url\" rel=\"noopener\">\n\t\t\t\t<img loading=\"lazy\" decoding=\"async\" src=\"https:\/\/laaser-marmorwelt.it\/wp-content\/uploads\/2022\/08\/Marmorplus-1.jpg\" alt=\"Marmorplus-1\" itemprop=\"image\" height=\"100\" width=\"339\" title=\"Marmorplus-1\" onerror=\"this.style.display='none'\"  \/>\n\t\t\t\t<\/a>\n\n","protected":false},"excerpt":{"rendered":"<p>sperimentare &#8211; meravigliare &#8211; sentire &#8230; IL MONDO DEL MARMO DI LASA Scoprite da vicino la storia unica del marmo di Lasa &#8230; Un&#8217;esperienza per tutta la famiglia Storia Numerosi pannelli espositivi raccontano l&#8217;emozionante storia della gente e del marmo di Lasa. Marmo da lavoro Solo chi lo prova in prima persona sa cosa si [&hellip;]<\/p>\n","protected":false},"author":1,"featured_media":0,"parent":0,"menu_order":0,"comment_status":"closed","ping_status":"closed","template":"","meta":{"site-sidebar-layout":"no-sidebar","site-content-layout":"page-builder","ast-site-content-layout":"default","site-content-style":"default","site-sidebar-style":"default","ast-global-header-display":"","ast-banner-title-visibility":"","ast-main-header-display":"","ast-hfb-above-header-display":"","ast-hfb-below-header-display":"","ast-hfb-mobile-header-display":"","site-post-title":"disabled","ast-breadcrumbs-content":"","ast-featured-img":"disabled","footer-sml-layout":"","theme-transparent-header-meta":"default","adv-header-id-meta":"","stick-header-meta":"","header-above-stick-meta":"","header-main-stick-meta":"","header-below-stick-meta":"","astra-migrate-meta-layouts":"default","ast-page-background-enabled":"default","ast-page-background-meta":{"desktop":{"background-color":"","background-image":"","background-repeat":"repeat","background-position":"center center","background-size":"auto","background-attachment":"scroll","background-type":"","background-media":"","overlay-type":"","overlay-color":"","overlay-opacity":"","overlay-gradient":""},"tablet":{"background-color":"","background-image":"","background-repeat":"repeat","background-position":"center center","background-size":"auto","background-attachment":"scroll","background-type":"","background-media":"","overlay-type":"","overlay-color":"","overlay-opacity":"","overlay-gradient":""},"mobile":{"background-color":"","background-image":"","background-repeat":"repeat","background-position":"center center","background-size":"auto","background-attachment":"scroll","background-type":"","background-media":"","overlay-type":"","overlay-color":"","overlay-opacity":"","overlay-gradient":""}},"ast-content-background-meta":{"desktop":{"background-color":"var(--ast-global-color-5)","background-image":"","background-repeat":"repeat","background-position":"center center","background-size":"auto","background-attachment":"scroll","background-type":"","background-media":"","overlay-type":"","overlay-color":"","overlay-opacity":"","overlay-gradient":""},"tablet":{"background-color":"var(--ast-global-color-5)","background-image":"","background-repeat":"repeat","background-position":"center center","background-size":"auto","background-attachment":"scroll","background-type":"","background-media":"","overlay-type":"","overlay-color":"","overlay-opacity":"","overlay-gradient":""},"mobile":{"background-color":"var(--ast-global-color-5)","background-image":"","background-repeat":"repeat","background-position":"center center","background-size":"auto","background-attachment":"scroll","background-type":"","background-media":"","overlay-type":"","overlay-color":"","overlay-opacity":"","overlay-gradient":""}},"footnotes":""},"class_list":["post-647","page","type-page","status-publish","hentry"],"yoast_head":"<!-- This site is optimized with the Yoast SEO plugin v27.5 - https:\/\/yoast.com\/product\/yoast-seo-wordpress\/ -->\n<title>Il mondo del marmo di Lasa<\/title>\n<meta name=\"description\" content=\"Scoprite da vicino la storia unica del marmo di Lasa ... un&#039;esperienza per tutta la famiglia\" \/>\n<meta name=\"robots\" content=\"index, follow, max-snippet:-1, max-image-preview:large, max-video-preview:-1\" \/>\n<link rel=\"canonical\" href=\"https:\/\/laaser-marmorwelt.it\/it\/\" \/>\n<meta property=\"og:locale\" content=\"it_IT\" \/>\n<meta property=\"og:type\" content=\"article\" \/>\n<meta property=\"og:title\" content=\"Il mondo del marmo di Lasa\" \/>\n<meta property=\"og:description\" content=\"Scoprite da vicino la storia unica del marmo di Lasa ... un&#039;esperienza per tutta la famiglia\" \/>\n<meta property=\"og:url\" content=\"https:\/\/laaser-marmorwelt.it\/it\/\" \/>\n<meta property=\"og:site_name\" content=\"laaser-marmorwelt\" \/>\n<meta property=\"article:modified_time\" content=\"2023-04-26T15:18:38+00:00\" \/>\n<meta property=\"og:image\" content=\"https:\/\/laaser-marmorwelt.it\/wp-content\/uploads\/2022\/08\/wappen.laas_-1.jpg\" \/>\n<meta name=\"twitter:card\" content=\"summary_large_image\" \/>\n<meta name=\"twitter:label1\" content=\"Tempo di lettura stimato\" \/>\n\t<meta name=\"twitter:data1\" content=\"4 minuti\" \/>\n<script type=\"application\/ld+json\" class=\"yoast-schema-graph\">{\"@context\":\"https:\\\/\\\/schema.org\",\"@graph\":[{\"@type\":\"WebPage\",\"@id\":\"https:\\\/\\\/laaser-marmorwelt.it\\\/it\\\/\",\"url\":\"https:\\\/\\\/laaser-marmorwelt.it\\\/it\\\/\",\"name\":\"Il mondo del marmo di Lasa\",\"isPartOf\":{\"@id\":\"https:\\\/\\\/laaser-marmorwelt.it\\\/it\\\/#website\"},\"primaryImageOfPage\":{\"@id\":\"https:\\\/\\\/laaser-marmorwelt.it\\\/it\\\/#primaryimage\"},\"image\":{\"@id\":\"https:\\\/\\\/laaser-marmorwelt.it\\\/it\\\/#primaryimage\"},\"thumbnailUrl\":\"https:\\\/\\\/laaser-marmorwelt.it\\\/wp-content\\\/uploads\\\/2022\\\/08\\\/wappen.laas_-1.jpg\",\"datePublished\":\"2018-10-09T07:14:55+00:00\",\"dateModified\":\"2023-04-26T15:18:38+00:00\",\"description\":\"Scoprite da vicino la storia unica del marmo di Lasa ... un'esperienza per tutta la famiglia\",\"breadcrumb\":{\"@id\":\"https:\\\/\\\/laaser-marmorwelt.it\\\/it\\\/#breadcrumb\"},\"inLanguage\":\"it-IT\",\"potentialAction\":[{\"@type\":\"ReadAction\",\"target\":[\"https:\\\/\\\/laaser-marmorwelt.it\\\/it\\\/\"]}]},{\"@type\":\"ImageObject\",\"inLanguage\":\"it-IT\",\"@id\":\"https:\\\/\\\/laaser-marmorwelt.it\\\/it\\\/#primaryimage\",\"url\":\"https:\\\/\\\/laaser-marmorwelt.it\\\/wp-content\\\/uploads\\\/2022\\\/08\\\/wappen.laas_-1.jpg\",\"contentUrl\":\"https:\\\/\\\/laaser-marmorwelt.it\\\/wp-content\\\/uploads\\\/2022\\\/08\\\/wappen.laas_-1.jpg\"},{\"@type\":\"BreadcrumbList\",\"@id\":\"https:\\\/\\\/laaser-marmorwelt.it\\\/it\\\/#breadcrumb\",\"itemListElement\":[{\"@type\":\"ListItem\",\"position\":1,\"name\":\"Startseite\",\"item\":\"https:\\\/\\\/laaser-marmorwelt.it\\\/it\\\/\"},{\"@type\":\"ListItem\",\"position\":2,\"name\":\"Casa\"}]},{\"@type\":\"WebSite\",\"@id\":\"https:\\\/\\\/laaser-marmorwelt.it\\\/it\\\/#website\",\"url\":\"https:\\\/\\\/laaser-marmorwelt.it\\\/it\\\/\",\"name\":\"laaser-marmorwelt\",\"description\":\"Entdecken Sie die einzigartige Geschichte des Laaser Marmor hautnah ...\",\"potentialAction\":[{\"@type\":\"SearchAction\",\"target\":{\"@type\":\"EntryPoint\",\"urlTemplate\":\"https:\\\/\\\/laaser-marmorwelt.it\\\/it\\\/?s={search_term_string}\"},\"query-input\":{\"@type\":\"PropertyValueSpecification\",\"valueRequired\":true,\"valueName\":\"search_term_string\"}}],\"inLanguage\":\"it-IT\"}]}<\/script>\n<!-- \/ Yoast SEO plugin. -->","yoast_head_json":{"title":"Il mondo del marmo di Lasa","description":"Scoprite da vicino la storia unica del marmo di Lasa ... un'esperienza per tutta la famiglia","robots":{"index":"index","follow":"follow","max-snippet":"max-snippet:-1","max-image-preview":"max-image-preview:large","max-video-preview":"max-video-preview:-1"},"canonical":"https:\/\/laaser-marmorwelt.it\/it\/","og_locale":"it_IT","og_type":"article","og_title":"Il mondo del marmo di Lasa","og_description":"Scoprite da vicino la storia unica del marmo di Lasa ... un'esperienza per tutta la famiglia","og_url":"https:\/\/laaser-marmorwelt.it\/it\/","og_site_name":"laaser-marmorwelt","article_modified_time":"2023-04-26T15:18:38+00:00","og_image":[{"url":"https:\/\/laaser-marmorwelt.it\/wp-content\/uploads\/2022\/08\/wappen.laas_-1.jpg","type":"","width":"","height":""}],"twitter_card":"summary_large_image","twitter_misc":{"Tempo di lettura stimato":"4 minuti"},"schema":{"@context":"https:\/\/schema.org","@graph":[{"@type":"WebPage","@id":"https:\/\/laaser-marmorwelt.it\/it\/","url":"https:\/\/laaser-marmorwelt.it\/it\/","name":"Il mondo del marmo di Lasa","isPartOf":{"@id":"https:\/\/laaser-marmorwelt.it\/it\/#website"},"primaryImageOfPage":{"@id":"https:\/\/laaser-marmorwelt.it\/it\/#primaryimage"},"image":{"@id":"https:\/\/laaser-marmorwelt.it\/it\/#primaryimage"},"thumbnailUrl":"https:\/\/laaser-marmorwelt.it\/wp-content\/uploads\/2022\/08\/wappen.laas_-1.jpg","datePublished":"2018-10-09T07:14:55+00:00","dateModified":"2023-04-26T15:18:38+00:00","description":"Scoprite da vicino la storia unica del marmo di Lasa ... un'esperienza per tutta la famiglia","breadcrumb":{"@id":"https:\/\/laaser-marmorwelt.it\/it\/#breadcrumb"},"inLanguage":"it-IT","potentialAction":[{"@type":"ReadAction","target":["https:\/\/laaser-marmorwelt.it\/it\/"]}]},{"@type":"ImageObject","inLanguage":"it-IT","@id":"https:\/\/laaser-marmorwelt.it\/it\/#primaryimage","url":"https:\/\/laaser-marmorwelt.it\/wp-content\/uploads\/2022\/08\/wappen.laas_-1.jpg","contentUrl":"https:\/\/laaser-marmorwelt.it\/wp-content\/uploads\/2022\/08\/wappen.laas_-1.jpg"},{"@type":"BreadcrumbList","@id":"https:\/\/laaser-marmorwelt.it\/it\/#breadcrumb","itemListElement":[{"@type":"ListItem","position":1,"name":"Startseite","item":"https:\/\/laaser-marmorwelt.it\/it\/"},{"@type":"ListItem","position":2,"name":"Casa"}]},{"@type":"WebSite","@id":"https:\/\/laaser-marmorwelt.it\/it\/#website","url":"https:\/\/laaser-marmorwelt.it\/it\/","name":"laaser-marmorwelt","description":"Entdecken Sie die einzigartige Geschichte des Laaser Marmor hautnah ...","potentialAction":[{"@type":"SearchAction","target":{"@type":"EntryPoint","urlTemplate":"https:\/\/laaser-marmorwelt.it\/it\/?s={search_term_string}"},"query-input":{"@type":"PropertyValueSpecification","valueRequired":true,"valueName":"search_term_string"}}],"inLanguage":"it-IT"}]}},"_links":{"self":[{"href":"https:\/\/laaser-marmorwelt.it\/it\/wp-json\/wp\/v2\/pages\/647","targetHints":{"allow":["GET"]}}],"collection":[{"href":"https:\/\/laaser-marmorwelt.it\/it\/wp-json\/wp\/v2\/pages"}],"about":[{"href":"https:\/\/laaser-marmorwelt.it\/it\/wp-json\/wp\/v2\/types\/page"}],"author":[{"embeddable":true,"href":"https:\/\/laaser-marmorwelt.it\/it\/wp-json\/wp\/v2\/users\/1"}],"replies":[{"embeddable":true,"href":"https:\/\/laaser-marmorwelt.it\/it\/wp-json\/wp\/v2\/comments?post=647"}],"version-history":[{"count":6,"href":"https:\/\/laaser-marmorwelt.it\/it\/wp-json\/wp\/v2\/pages\/647\/revisions"}],"predecessor-version":[{"id":762,"href":"https:\/\/laaser-marmorwelt.it\/it\/wp-json\/wp\/v2\/pages\/647\/revisions\/762"}],"wp:attachment":[{"href":"https:\/\/laaser-marmorwelt.it\/it\/wp-json\/wp\/v2\/media?parent=647"}],"curies":[{"name":"wp","href":"https:\/\/api.w.org\/{rel}","templated":true}]}}