{"id":643,"date":"2018-10-09T09:19:06","date_gmt":"2018-10-09T07:19:06","guid":{"rendered":"https:\/\/laaser-marmorwelt.it\/contact\/"},"modified":"2023-04-26T15:35:12","modified_gmt":"2023-04-26T13:35:12","slug":"contact","status":"publish","type":"page","link":"https:\/\/laaser-marmorwelt.it\/en\/contact\/","title":{"rendered":"Contact"},"content":{"rendered":"\n\n\t<h3>\n\t\t\t\tContact\n\t\t\t<\/h3>\n\t<ul>\n\t\t<li>\t\t\t\t\n\t\t<h5>Address<\/h5><p>I-39023 Lasa, Via del Marmor nr. 4<\/p><\/li>\t<\/ul>\n\t<ul>\n\t\t<li>\t\t\t\t\n\t\t<h5>phone<\/h5><p>+39 347 40 95 404<\/p><\/li>\t<\/ul>\n\t<ul>\n\t\t<li>\t\t\t\t\n\t\t<h5>Email<\/h5><p>info@marmorplus.it<\/p><\/li>\t<\/ul>\n\t<strong>Marble plus<\/strong> Cooperative\nCooperative for the increase of the added value from the Lasa marble\nChairman: Thomas Tappeiner\nI-39023 Lasa, Via Vinschgia 52\nMwst.-Nr.\/St.-Nr. IT02718710219\n\t<div class=\"wpforms-container \" id=\"wpforms-15\"><form id=\"wpforms-form-15\" class=\"wpforms-validate wpforms-form\" data-formid=\"15\" method=\"post\" enctype=\"multipart\/form-data\" action=\"\/en\/wp-json\/wp\/v2\/pages\/643\" data-token=\"74f3659cd0f2b3c966cca0eab19f5b16\" data-token-time=\"1776198711\"><noscript class=\"wpforms-error-noscript\">Please enable JavaScript in your browser to complete this form.<\/noscript><div class=\"wpforms-field-container\"><div id=\"wpforms-15-field_0-container\" class=\"wpforms-field wpforms-field-name\" data-field-id=\"0\"><label class=\"wpforms-field-label\" for=\"wpforms-15-field_0\">Name <span class=\"wpforms-required-label\">*<\/span><\/label><input type=\"text\" id=\"wpforms-15-field_0\" class=\"wpforms-field-large wpforms-field-required\" name=\"wpforms[fields][0]\" required><\/div><div id=\"wpforms-15-field_1-container\" class=\"wpforms-field wpforms-field-email\" data-field-id=\"1\"><label class=\"wpforms-field-label\" for=\"wpforms-15-field_1\">E-Mail <span class=\"wpforms-required-label\">*<\/span><\/label><input type=\"email\" id=\"wpforms-15-field_1\" class=\"wpforms-field-large wpforms-field-required\" name=\"wpforms[fields][1]\" spellcheck=\"false\" required><\/div><div id=\"wpforms-15-field_3-container\" class=\"wpforms-field wpforms-field-text\" data-field-id=\"3\"><label class=\"wpforms-field-label\" for=\"wpforms-15-field_3\">Betreff <span class=\"wpforms-required-label\">*<\/span><\/label><input type=\"text\" id=\"wpforms-15-field_3\" class=\"wpforms-field-large wpforms-field-required\" name=\"wpforms[fields][3]\" required><\/div><div id=\"wpforms-15-field_2-container\" class=\"wpforms-field wpforms-field-textarea\" data-field-id=\"2\"><label class=\"wpforms-field-label\" for=\"wpforms-15-field_2\">Mitteilung <span class=\"wpforms-required-label\">*<\/span><\/label><textarea id=\"wpforms-15-field_2\" class=\"wpforms-field-medium wpforms-field-required\" name=\"wpforms[fields][2]\" required><\/textarea><\/div><\/div><!-- .wpforms-field-container --><div class=\"wpforms-field wpforms-field-hp\"><label for=\"wpforms-15-field-hp\" class=\"wpforms-field-label\">Phone<\/label><input type=\"text\" name=\"wpforms[hp]\" id=\"wpforms-15-field-hp\" class=\"wpforms-field-medium\"><\/div><div class=\"wpforms-submit-container\" ><input type=\"hidden\" name=\"wpforms[id]\" value=\"15\"><input type=\"hidden\" name=\"page_title\" value=\"\"><input type=\"hidden\" name=\"page_url\" value=\"https:\/\/laaser-marmorwelt.it\/en\/wp-json\/wp\/v2\/pages\/643\"><input type=\"hidden\" name=\"url_referer\" value=\"\"><button type=\"submit\" name=\"wpforms[submit]\" id=\"wpforms-submit-15\" class=\"wpforms-submit\" data-alt-text=\"Sending...\" data-submit-text=\"Senden\" aria-live=\"assertive\" value=\"wpforms-submit\">Senden<\/button><\/div><\/form><\/div>  <!-- .wpforms-container -->\n\t<iframe src=\"https:\/\/www.google.com\/maps\/embed?pb=!1m14!1m8!1m3!1d5480.850432053203!2d10.693358!3d46.618361!3m2!1i1024!2i768!4f13.1!3m3!1m2!1s0x0%3A0x560b749c72fc0092!2sMarmorf%C3%BChrung%20%2F%20Erlebnisf%C3%BChrung%20Laas!5e0!3m2!1sde!2sit!4v1655988616303!5m2!1sde!2sit\" width=\"1800\" height=\"800\" allowfullscreen=\"\" loading=\"lazy\" referrerpolicy=\"no-referrer-when-downgrade\"><\/iframe>\n\t\t\t\t<a href=\"https:\/\/www.interreg.net\/de\/default.asp\" target=\"_self\" itemprop=\"url\" rel=\"noopener\">\n\t\t\t\t<img loading=\"lazy\" decoding=\"async\" src=\"https:\/\/laaser-marmorwelt.it\/wp-content\/uploads\/2022\/07\/Interreg_Italia-O\u0748sterreich-2017_4c.jpg\" alt=\"Interreg_Italia-O\u0748sterreich-2017_4c\" itemprop=\"image\" height=\"125\" width=\"400\" title=\"Interreg_Italia-O\u0748sterreich-2017_4c\" onerror=\"this.style.display='none'\"  \/>\n\t\t\t\t<\/a>\n\t\u00a0&#8211; Gef\u00f6rdert durch\u00a0den Europ\u00e4ischen Fonds f\u00fcr regionale Entwicklung und Interreg V-A Italien-\u00d6sterreich 2014-2020<br \/>\n&#8211; Sostenuto dal Fondo europeo di sviluppo regionale e da Interreg V-A Italia-Austria 2014-2020.<br \/>\n&#8211; Supported by the European Regional Development Fund and Interreg V-A Italy-Austria 2014-2020<br \/>\n<a href=\"https:\/\/laaser-marmorwelt.it\/bergbauerlebnisse-in-der-terra-raetica\/\">\u00a0&gt;&gt; Description<\/a>\n<h4>\n\t\tUnsere Partner\n\t<\/h4>\n\t\t\t\t<a href=\"https:\/\/www.gemeinde.laas.bz.it\/\" target=\"_blank\" rel=\"noopener\" itemprop=\"url\">\n\t\t\t\t<img loading=\"lazy\" decoding=\"async\" src=\"https:\/\/laaser-marmorwelt.it\/wp-content\/uploads\/2022\/08\/wappen.laas_-1.jpg\" alt=\"wappen.laas\" itemprop=\"image\" height=\"100\" width=\"83\" title=\"wappen.laas\" onerror=\"this.style.display='none'\"  \/>\n\t\t\t\t<\/a>\n\t\t\t\t<a href=\"https:\/\/www.st-anton.at\/\" target=\"_blank\" rel=\"noopener\" itemprop=\"url\">\n\t\t\t\t<img loading=\"lazy\" decoding=\"async\" src=\"https:\/\/laaser-marmorwelt.it\/wp-content\/uploads\/2022\/08\/Wappen-StAntonAmArlberg.jpg\" alt=\"Wappen-StAntonAmArlberg\" itemprop=\"image\" height=\"100\" width=\"85\" title=\"Wappen-StAntonAmArlberg\" onerror=\"this.style.display='none'\"  \/>\n\t\t\t\t<\/a>\n\t\t\t\t<a href=\"https:\/\/www.tarrenz.at\/\" target=\"_blank\" rel=\"noopener\" itemprop=\"url\">\n\t\t\t\t<img loading=\"lazy\" decoding=\"async\" src=\"https:\/\/laaser-marmorwelt.it\/wp-content\/uploads\/2022\/08\/AUT_Tarrenz_COA.jpg\" alt=\"AUT_Tarrenz_COA\" itemprop=\"image\" height=\"100\" width=\"88\" title=\"AUT_Tarrenz_COA\" onerror=\"this.style.display='none'\"  \/>\n\t\t\t\t<\/a>\n\t\t\t\t<a href=\"https:\/\/www.terraraetica.eu\/de\/terra-raetica\/willkommen.html\" target=\"_self\" itemprop=\"url\" rel=\"noopener\">\n\t\t\t\t<img loading=\"lazy\" decoding=\"async\" src=\"https:\/\/laaser-marmorwelt.it\/wp-content\/uploads\/2022\/08\/Hauptlogo_Varianten_2020_02.jpg\" alt=\"Hauptlogo_Varianten_2020_02\" itemprop=\"image\" height=\"100\" width=\"250\" title=\"Hauptlogo_Varianten_2020_02\" onerror=\"this.style.display='none'\"  \/>\n\t\t\t\t<\/a>\n\t\t\t\t<a href=\"https:\/\/www.europaregion.info\/\" target=\"_blank\" rel=\"noopener\" itemprop=\"url\">\n\t\t\t\t<img loading=\"lazy\" decoding=\"async\" src=\"https:\/\/laaser-marmorwelt.it\/wp-content\/uploads\/2022\/08\/logo_euregio.jpg\" alt=\"logo_euregio\" itemprop=\"image\" height=\"100\" width=\"264\" title=\"logo_euregio\" onerror=\"this.style.display='none'\"  \/>\n\t\t\t\t<\/a>\n\t\t\t\t<a href=\"https:\/\/www.lasamarmo.it\/\" target=\"_blank\" rel=\"noopener\" itemprop=\"url\">\n\t\t\t\t<img loading=\"lazy\" decoding=\"async\" src=\"https:\/\/laaser-marmorwelt.it\/wp-content\/uploads\/2022\/08\/LasaMarmo_Logo-1.jpg\" alt=\"LasaMarmo_Logo-1\" itemprop=\"image\" height=\"100\" width=\"333\" title=\"LasaMarmo_Logo-1\" onerror=\"this.style.display='none'\"  \/>\n\t\t\t\t<\/a>\n\t\t\t\t<a href=\"https:\/\/marmorplus.it\/\" target=\"_self\" itemprop=\"url\" rel=\"noopener\">\n\t\t\t\t<img loading=\"lazy\" decoding=\"async\" src=\"https:\/\/laaser-marmorwelt.it\/wp-content\/uploads\/2022\/08\/Marmorplus-1.jpg\" alt=\"Marmorplus-1\" itemprop=\"image\" height=\"100\" width=\"339\" title=\"Marmorplus-1\" onerror=\"this.style.display='none'\"  \/>\n\t\t\t\t<\/a>\n\n","protected":false},"excerpt":{"rendered":"<p>Contact Address I-39023 Lasa, Via del Marmor nr. 4 phone +39 347 40 95 404 Email info@marmorplus.it Marble plus Cooperative Cooperative for the increase of the added value from the Lasa marble Chairman: Thomas Tappeiner I-39023 Lasa, Via Vinschgia 52 Mwst.-Nr.\/St.-Nr. IT02718710219 \u00a0&#8211; Gef\u00f6rdert durch\u00a0den Europ\u00e4ischen Fonds f\u00fcr regionale Entwicklung und Interreg V-A Italien-\u00d6sterreich 2014-2020 [&hellip;]<\/p>\n","protected":false},"author":1,"featured_media":0,"parent":0,"menu_order":0,"comment_status":"closed","ping_status":"closed","template":"","meta":{"site-sidebar-layout":"no-sidebar","site-content-layout":"page-builder","ast-site-content-layout":"default","site-content-style":"default","site-sidebar-style":"default","ast-global-header-display":"","ast-banner-title-visibility":"","ast-main-header-display":"","ast-hfb-above-header-display":"","ast-hfb-below-header-display":"","ast-hfb-mobile-header-display":"","site-post-title":"disabled","ast-breadcrumbs-content":"","ast-featured-img":"disabled","footer-sml-layout":"","theme-transparent-header-meta":"","adv-header-id-meta":"","stick-header-meta":"","header-above-stick-meta":"","header-main-stick-meta":"","header-below-stick-meta":"","astra-migrate-meta-layouts":"default","ast-page-background-enabled":"default","ast-page-background-meta":{"desktop":{"background-color":"","background-image":"","background-repeat":"repeat","background-position":"center center","background-size":"auto","background-attachment":"scroll","background-type":"","background-media":"","overlay-type":"","overlay-color":"","overlay-opacity":"","overlay-gradient":""},"tablet":{"background-color":"","background-image":"","background-repeat":"repeat","background-position":"center center","background-size":"auto","background-attachment":"scroll","background-type":"","background-media":"","overlay-type":"","overlay-color":"","overlay-opacity":"","overlay-gradient":""},"mobile":{"background-color":"","background-image":"","background-repeat":"repeat","background-position":"center center","background-size":"auto","background-attachment":"scroll","background-type":"","background-media":"","overlay-type":"","overlay-color":"","overlay-opacity":"","overlay-gradient":""}},"ast-content-background-meta":{"desktop":{"background-color":"var(--ast-global-color-5)","background-image":"","background-repeat":"repeat","background-position":"center center","background-size":"auto","background-attachment":"scroll","background-type":"","background-media":"","overlay-type":"","overlay-color":"","overlay-opacity":"","overlay-gradient":""},"tablet":{"background-color":"var(--ast-global-color-5)","background-image":"","background-repeat":"repeat","background-position":"center center","background-size":"auto","background-attachment":"scroll","background-type":"","background-media":"","overlay-type":"","overlay-color":"","overlay-opacity":"","overlay-gradient":""},"mobile":{"background-color":"var(--ast-global-color-5)","background-image":"","background-repeat":"repeat","background-position":"center center","background-size":"auto","background-attachment":"scroll","background-type":"","background-media":"","overlay-type":"","overlay-color":"","overlay-opacity":"","overlay-gradient":""}},"footnotes":""},"class_list":["post-643","page","type-page","status-publish","hentry"],"yoast_head":"<!-- This site is optimized with the Yoast SEO plugin v27.4 - https:\/\/yoast.com\/product\/yoast-seo-wordpress\/ -->\n<title>Contact - laaser-marmorwelt<\/title>\n<meta name=\"robots\" content=\"index, follow, max-snippet:-1, max-image-preview:large, max-video-preview:-1\" \/>\n<link rel=\"canonical\" href=\"https:\/\/laaser-marmorwelt.it\/en\/contact\/\" \/>\n<meta property=\"og:locale\" content=\"en_US\" \/>\n<meta property=\"og:type\" content=\"article\" \/>\n<meta property=\"og:title\" content=\"Contact - laaser-marmorwelt\" \/>\n<meta property=\"og:description\" content=\"Contact Address I-39023 Lasa, Via del Marmor nr. 4 phone +39 347 40 95 404 Email info@marmorplus.it Marble plus Cooperative Cooperative for the increase of the added value from the Lasa marble Chairman: Thomas Tappeiner I-39023 Lasa, Via Vinschgia 52 Mwst.-Nr.\/St.-Nr. IT02718710219 \u00a0&#8211; Gef\u00f6rdert durch\u00a0den Europ\u00e4ischen Fonds f\u00fcr regionale Entwicklung und Interreg V-A Italien-\u00d6sterreich 2014-2020 [&hellip;]\" \/>\n<meta property=\"og:url\" content=\"https:\/\/laaser-marmorwelt.it\/en\/contact\/\" \/>\n<meta property=\"og:site_name\" content=\"laaser-marmorwelt\" \/>\n<meta property=\"article:modified_time\" content=\"2023-04-26T13:35:12+00:00\" \/>\n<meta property=\"og:image\" content=\"https:\/\/laaser-marmorwelt.it\/wp-content\/uploads\/2022\/08\/wappen.laas_-1.jpg\" \/>\n<meta name=\"twitter:card\" content=\"summary_large_image\" \/>\n<script type=\"application\/ld+json\" class=\"yoast-schema-graph\">{\"@context\":\"https:\\\/\\\/schema.org\",\"@graph\":[{\"@type\":\"WebPage\",\"@id\":\"https:\\\/\\\/laaser-marmorwelt.it\\\/en\\\/contact\\\/\",\"url\":\"https:\\\/\\\/laaser-marmorwelt.it\\\/en\\\/contact\\\/\",\"name\":\"Contact - laaser-marmorwelt\",\"isPartOf\":{\"@id\":\"https:\\\/\\\/laaser-marmorwelt.it\\\/en\\\/#website\"},\"primaryImageOfPage\":{\"@id\":\"https:\\\/\\\/laaser-marmorwelt.it\\\/en\\\/contact\\\/#primaryimage\"},\"image\":{\"@id\":\"https:\\\/\\\/laaser-marmorwelt.it\\\/en\\\/contact\\\/#primaryimage\"},\"thumbnailUrl\":\"https:\\\/\\\/laaser-marmorwelt.it\\\/wp-content\\\/uploads\\\/2022\\\/08\\\/wappen.laas_-1.jpg\",\"datePublished\":\"2018-10-09T07:19:06+00:00\",\"dateModified\":\"2023-04-26T13:35:12+00:00\",\"breadcrumb\":{\"@id\":\"https:\\\/\\\/laaser-marmorwelt.it\\\/en\\\/contact\\\/#breadcrumb\"},\"inLanguage\":\"en-US\",\"potentialAction\":[{\"@type\":\"ReadAction\",\"target\":[\"https:\\\/\\\/laaser-marmorwelt.it\\\/en\\\/contact\\\/\"]}]},{\"@type\":\"ImageObject\",\"inLanguage\":\"en-US\",\"@id\":\"https:\\\/\\\/laaser-marmorwelt.it\\\/en\\\/contact\\\/#primaryimage\",\"url\":\"https:\\\/\\\/laaser-marmorwelt.it\\\/wp-content\\\/uploads\\\/2022\\\/08\\\/wappen.laas_-1.jpg\",\"contentUrl\":\"https:\\\/\\\/laaser-marmorwelt.it\\\/wp-content\\\/uploads\\\/2022\\\/08\\\/wappen.laas_-1.jpg\"},{\"@type\":\"BreadcrumbList\",\"@id\":\"https:\\\/\\\/laaser-marmorwelt.it\\\/en\\\/contact\\\/#breadcrumb\",\"itemListElement\":[{\"@type\":\"ListItem\",\"position\":1,\"name\":\"Startseite\",\"item\":\"https:\\\/\\\/laaser-marmorwelt.it\\\/en\\\/\"},{\"@type\":\"ListItem\",\"position\":2,\"name\":\"Contact\"}]},{\"@type\":\"WebSite\",\"@id\":\"https:\\\/\\\/laaser-marmorwelt.it\\\/en\\\/#website\",\"url\":\"https:\\\/\\\/laaser-marmorwelt.it\\\/en\\\/\",\"name\":\"laaser-marmorwelt\",\"description\":\"Entdecken Sie die einzigartige Geschichte des Laaser Marmor hautnah ...\",\"potentialAction\":[{\"@type\":\"SearchAction\",\"target\":{\"@type\":\"EntryPoint\",\"urlTemplate\":\"https:\\\/\\\/laaser-marmorwelt.it\\\/en\\\/?s={search_term_string}\"},\"query-input\":{\"@type\":\"PropertyValueSpecification\",\"valueRequired\":true,\"valueName\":\"search_term_string\"}}],\"inLanguage\":\"en-US\"}]}<\/script>\n<!-- \/ Yoast SEO plugin. -->","yoast_head_json":{"title":"Contact - laaser-marmorwelt","robots":{"index":"index","follow":"follow","max-snippet":"max-snippet:-1","max-image-preview":"max-image-preview:large","max-video-preview":"max-video-preview:-1"},"canonical":"https:\/\/laaser-marmorwelt.it\/en\/contact\/","og_locale":"en_US","og_type":"article","og_title":"Contact - laaser-marmorwelt","og_description":"Contact Address I-39023 Lasa, Via del Marmor nr. 4 phone +39 347 40 95 404 Email info@marmorplus.it Marble plus Cooperative Cooperative for the increase of the added value from the Lasa marble Chairman: Thomas Tappeiner I-39023 Lasa, Via Vinschgia 52 Mwst.-Nr.\/St.-Nr. IT02718710219 \u00a0&#8211; Gef\u00f6rdert durch\u00a0den Europ\u00e4ischen Fonds f\u00fcr regionale Entwicklung und Interreg V-A Italien-\u00d6sterreich 2014-2020 [&hellip;]","og_url":"https:\/\/laaser-marmorwelt.it\/en\/contact\/","og_site_name":"laaser-marmorwelt","article_modified_time":"2023-04-26T13:35:12+00:00","og_image":[{"url":"https:\/\/laaser-marmorwelt.it\/wp-content\/uploads\/2022\/08\/wappen.laas_-1.jpg","type":"","width":"","height":""}],"twitter_card":"summary_large_image","schema":{"@context":"https:\/\/schema.org","@graph":[{"@type":"WebPage","@id":"https:\/\/laaser-marmorwelt.it\/en\/contact\/","url":"https:\/\/laaser-marmorwelt.it\/en\/contact\/","name":"Contact - laaser-marmorwelt","isPartOf":{"@id":"https:\/\/laaser-marmorwelt.it\/en\/#website"},"primaryImageOfPage":{"@id":"https:\/\/laaser-marmorwelt.it\/en\/contact\/#primaryimage"},"image":{"@id":"https:\/\/laaser-marmorwelt.it\/en\/contact\/#primaryimage"},"thumbnailUrl":"https:\/\/laaser-marmorwelt.it\/wp-content\/uploads\/2022\/08\/wappen.laas_-1.jpg","datePublished":"2018-10-09T07:19:06+00:00","dateModified":"2023-04-26T13:35:12+00:00","breadcrumb":{"@id":"https:\/\/laaser-marmorwelt.it\/en\/contact\/#breadcrumb"},"inLanguage":"en-US","potentialAction":[{"@type":"ReadAction","target":["https:\/\/laaser-marmorwelt.it\/en\/contact\/"]}]},{"@type":"ImageObject","inLanguage":"en-US","@id":"https:\/\/laaser-marmorwelt.it\/en\/contact\/#primaryimage","url":"https:\/\/laaser-marmorwelt.it\/wp-content\/uploads\/2022\/08\/wappen.laas_-1.jpg","contentUrl":"https:\/\/laaser-marmorwelt.it\/wp-content\/uploads\/2022\/08\/wappen.laas_-1.jpg"},{"@type":"BreadcrumbList","@id":"https:\/\/laaser-marmorwelt.it\/en\/contact\/#breadcrumb","itemListElement":[{"@type":"ListItem","position":1,"name":"Startseite","item":"https:\/\/laaser-marmorwelt.it\/en\/"},{"@type":"ListItem","position":2,"name":"Contact"}]},{"@type":"WebSite","@id":"https:\/\/laaser-marmorwelt.it\/en\/#website","url":"https:\/\/laaser-marmorwelt.it\/en\/","name":"laaser-marmorwelt","description":"Entdecken Sie die einzigartige Geschichte des Laaser Marmor hautnah ...","potentialAction":[{"@type":"SearchAction","target":{"@type":"EntryPoint","urlTemplate":"https:\/\/laaser-marmorwelt.it\/en\/?s={search_term_string}"},"query-input":{"@type":"PropertyValueSpecification","valueRequired":true,"valueName":"search_term_string"}}],"inLanguage":"en-US"}]}},"_links":{"self":[{"href":"https:\/\/laaser-marmorwelt.it\/en\/wp-json\/wp\/v2\/pages\/643","targetHints":{"allow":["GET"]}}],"collection":[{"href":"https:\/\/laaser-marmorwelt.it\/en\/wp-json\/wp\/v2\/pages"}],"about":[{"href":"https:\/\/laaser-marmorwelt.it\/en\/wp-json\/wp\/v2\/types\/page"}],"author":[{"embeddable":true,"href":"https:\/\/laaser-marmorwelt.it\/en\/wp-json\/wp\/v2\/users\/1"}],"replies":[{"embeddable":true,"href":"https:\/\/laaser-marmorwelt.it\/en\/wp-json\/wp\/v2\/comments?post=643"}],"version-history":[{"count":2,"href":"https:\/\/laaser-marmorwelt.it\/en\/wp-json\/wp\/v2\/pages\/643\/revisions"}],"predecessor-version":[{"id":719,"href":"https:\/\/laaser-marmorwelt.it\/en\/wp-json\/wp\/v2\/pages\/643\/revisions\/719"}],"wp:attachment":[{"href":"https:\/\/laaser-marmorwelt.it\/en\/wp-json\/wp\/v2\/media?parent=643"}],"curies":[{"name":"wp","href":"https:\/\/api.w.org\/{rel}","templated":true}]}}